{"id":292,"date":"2025-04-24T05:21:59","date_gmt":"2025-04-24T05:21:59","guid":{"rendered":"https:\/\/2you2.se\/?post_type=product&#038;p=292"},"modified":"2025-09-15T14:14:32","modified_gmt":"2025-09-15T14:14:32","slug":"ostkupan","status":"publish","type":"product","link":"https:\/\/2you2.se\/en\/product\/ostkupan\/","title":{"rendered":"The Cheese cover"},"content":{"rendered":"<p>This cheese vat is the perfect solution for storing round cheeses in a practical, hygienic and stylish way. It is made of environmentally friendly ABS plastic and designed to fit tall, round cheeses - such as Herrg\u00e5rd, Pr\u00e4st and Grev\u00e9. The cup is stackable, which saves space in the fridge, and the grip-friendly design makes it easy to use even for people with rheumatism or arthritis.<\/p>\n<p>The cheese cup is dishwasher safe, comes in four warm colors (blue, pink, green and yellow), and is made in Sweden. It is design protected and 1 % of every purchase goes to the Swedish Cancer Society, an initiative that founder Anne Sundel is behind after her own experience with cancer.<\/p>","protected":false},"excerpt":{"rendered":"<p>En smart, stapelbar och greppv\u00e4nlig ostkupa \u2013 perfekt f\u00f6r hush\u00e5llsosten. Tillverkad i milj\u00f6v\u00e4nlig plast och diskmaskinss\u00e4ker. Finns i flera f\u00e4rger och tillverkad i Sverige.<\/p>","protected":false},"featured_media":522,"comment_status":"open","ping_status":"closed","template":"","meta":{"inline_featured_image":false},"product_brand":[],"product_cat":[15],"product_tag":[],"class_list":{"0":"post-292","1":"product","2":"type-product","3":"status-publish","4":"has-post-thumbnail","6":"product_cat-okategoriserad","8":"first","9":"instock","10":"shipping-taxable","11":"purchasable","12":"product-type-simple"},"_links":{"self":[{"href":"https:\/\/2you2.se\/en\/wp-json\/wp\/v2\/product\/292","targetHints":{"allow":["GET"]}}],"collection":[{"href":"https:\/\/2you2.se\/en\/wp-json\/wp\/v2\/product"}],"about":[{"href":"https:\/\/2you2.se\/en\/wp-json\/wp\/v2\/types\/product"}],"replies":[{"embeddable":true,"href":"https:\/\/2you2.se\/en\/wp-json\/wp\/v2\/comments?post=292"}],"wp:featuredmedia":[{"embeddable":true,"href":"https:\/\/2you2.se\/en\/wp-json\/wp\/v2\/media\/522"}],"wp:attachment":[{"href":"https:\/\/2you2.se\/en\/wp-json\/wp\/v2\/media?parent=292"}],"wp:term":[{"taxonomy":"product_brand","embeddable":true,"href":"https:\/\/2you2.se\/en\/wp-json\/wp\/v2\/product_brand?post=292"},{"taxonomy":"product_cat","embeddable":true,"href":"https:\/\/2you2.se\/en\/wp-json\/wp\/v2\/product_cat?post=292"},{"taxonomy":"product_tag","embeddable":true,"href":"https:\/\/2you2.se\/en\/wp-json\/wp\/v2\/product_tag?post=292"}],"curies":[{"name":"wp","href":"https:\/\/api.w.org\/{rel}","templated":true}]}}