{"id":817,"date":"2025-05-31T13:53:58","date_gmt":"2025-05-31T13:53:58","guid":{"rendered":"https:\/\/2you2.se\/?page_id=817"},"modified":"2025-07-30T16:37:56","modified_gmt":"2025-07-30T16:37:56","slug":"om-oss","status":"publish","type":"page","link":"https:\/\/2you2.se\/en\/om-oss\/","title":{"rendered":"About us"},"content":{"rendered":"<div data-elementor-type=\"wp-page\" data-elementor-id=\"817\" class=\"elementor elementor-817\" data-elementor-post-type=\"page\">\n\t\t\t\t<div class=\"elementor-element elementor-element-f9957e3 e-con-full e-flex e-con e-parent\" data-id=\"f9957e3\" data-element_type=\"container\" data-settings=\"{&quot;background_background&quot;:&quot;gradient&quot;}\">\n\t\t<div class=\"elementor-element elementor-element-b2ee902 e-con-full e-flex elementor-invisible e-con e-child\" data-id=\"b2ee902\" data-element_type=\"container\" data-settings=\"{&quot;animation&quot;:&quot;fadeIn&quot;,&quot;animation_mobile&quot;:&quot;fadeInUp&quot;}\">\n\t\t<div class=\"elementor-element elementor-element-35f18db e-con-full e-flex e-con e-child\" data-id=\"35f18db\" data-element_type=\"container\">\n\t\t\t\t<div class=\"elementor-element elementor-element-0267c99 elementor-widget__width-initial elementor-widget elementor-widget-icon-box\" data-id=\"0267c99\" data-element_type=\"widget\" data-widget_type=\"icon-box.default\">\n\t\t\t\t<div class=\"elementor-widget-container\">\n\t\t\t\t\t\t\t<div class=\"elementor-icon-box-wrapper\">\n\n\t\t\t\n\t\t\t\t\t\t<div class=\"elementor-icon-box-content\">\n\n\t\t\t\t\t\t\t\t\t<h2 class=\"elementor-icon-box-title\">\n\t\t\t\t\t\t<span  >\n\t\t\t\t\t\t\tAbout us\t\t\t\t\t\t<\/span>\n\t\t\t\t\t<\/h2>\n\t\t\t\t\n\t\t\t\t\t\t\t\t\t<p class=\"elementor-icon-box-description\">\n\t\t\t\t\t\t2You2 Sverige utvecklar smarta, h\u00e5llbara produkter f\u00f6r hemmet, med fokus p\u00e5 funktion, form och omtanke. <br>V\u00e5r designskyddade ostkupa \u00e4r tillverkad i milj\u00f6v\u00e4nlig ABS-plast i Sverige, anpassad f\u00f6r b\u00e5de vardag och personer med nedsatt handstyrka.\n<br><br>\nBakom id\u00e9n st\u00e5r Anne Sundel, som sj\u00e4lv haft cancer, d\u00e4rf\u00f6r g\u00e5r 1 % av varje k\u00f6p till cancerfonden. Tack f\u00f6r att du st\u00f6ttar svensk innovation med hj\u00e4rta.\t\t\t\t\t<\/p>\n\t\t\t\t\n\t\t\t<\/div>\n\t\t\t\n\t\t<\/div>\n\t\t\t\t\t\t<\/div>\n\t\t\t\t<\/div>\n\t\t\t\t<\/div>\n\t\t<div class=\"elementor-element elementor-element-4829e03 e-con-full e-flex e-con e-child\" data-id=\"4829e03\" data-element_type=\"container\">\n\t\t\t\t<div class=\"elementor-element elementor-element-8942b1b elementor-widget elementor-widget-image\" data-id=\"8942b1b\" data-element_type=\"widget\" data-widget_type=\"image.default\">\n\t\t\t\t<div class=\"elementor-widget-container\">\n\t\t\t\t\t\t\t\t\t\t\t\t\t\t\t<img fetchpriority=\"high\" decoding=\"async\" width=\"1400\" height=\"933\" src=\"https:\/\/2you2.se\/wp-content\/uploads\/2025\/05\/28365db7-35d6-42b5-9be9-bfbfdfafaf00.webp\" class=\"attachment-full size-full wp-image-831\" alt=\"\" srcset=\"https:\/\/2you2.se\/wp-content\/uploads\/2025\/05\/28365db7-35d6-42b5-9be9-bfbfdfafaf00.webp 1400w, https:\/\/2you2.se\/wp-content\/uploads\/2025\/05\/28365db7-35d6-42b5-9be9-bfbfdfafaf00-300x200.webp 300w, https:\/\/2you2.se\/wp-content\/uploads\/2025\/05\/28365db7-35d6-42b5-9be9-bfbfdfafaf00-1024x682.webp 1024w, https:\/\/2you2.se\/wp-content\/uploads\/2025\/05\/28365db7-35d6-42b5-9be9-bfbfdfafaf00-768x512.webp 768w, https:\/\/2you2.se\/wp-content\/uploads\/2025\/05\/28365db7-35d6-42b5-9be9-bfbfdfafaf00-600x400.webp 600w\" sizes=\"(max-width: 1400px) 100vw, 1400px\" \/>\t\t\t\t\t\t\t\t\t\t\t\t\t\t\t<\/div>\n\t\t\t\t<\/div>\n\t\t\t\t<\/div>\n\t\t\t\t<\/div>\n\t\t\t\t<\/div>\n\t\t\t\t<\/div>","protected":false},"excerpt":{"rendered":"<p>Om oss 2You2 Sverige utvecklar smarta, h\u00e5llbara produkter f\u00f6r hemmet, med fokus p\u00e5 funktion, form och omtanke. V\u00e5r designskyddade ostkupa \u00e4r tillverkad i milj\u00f6v\u00e4nlig ABS-plast i Sverige, anpassad f\u00f6r b\u00e5de vardag och personer med nedsatt handstyrka. Bakom id\u00e9n st\u00e5r Anne Sundel, som sj\u00e4lv haft cancer, d\u00e4rf\u00f6r g\u00e5r 1 % av varje k\u00f6p till cancerfonden. Tack [&hellip;]<\/p>","protected":false},"author":1,"featured_media":0,"parent":0,"menu_order":0,"comment_status":"closed","ping_status":"closed","template":"","meta":{"inline_featured_image":false,"footnotes":""},"class_list":["post-817","page","type-page","status-publish","hentry"],"_links":{"self":[{"href":"https:\/\/2you2.se\/en\/wp-json\/wp\/v2\/pages\/817","targetHints":{"allow":["GET"]}}],"collection":[{"href":"https:\/\/2you2.se\/en\/wp-json\/wp\/v2\/pages"}],"about":[{"href":"https:\/\/2you2.se\/en\/wp-json\/wp\/v2\/types\/page"}],"author":[{"embeddable":true,"href":"https:\/\/2you2.se\/en\/wp-json\/wp\/v2\/users\/1"}],"replies":[{"embeddable":true,"href":"https:\/\/2you2.se\/en\/wp-json\/wp\/v2\/comments?post=817"}],"version-history":[{"count":29,"href":"https:\/\/2you2.se\/en\/wp-json\/wp\/v2\/pages\/817\/revisions"}],"predecessor-version":[{"id":937,"href":"https:\/\/2you2.se\/en\/wp-json\/wp\/v2\/pages\/817\/revisions\/937"}],"wp:attachment":[{"href":"https:\/\/2you2.se\/en\/wp-json\/wp\/v2\/media?parent=817"}],"curies":[{"name":"wp","href":"https:\/\/api.w.org\/{rel}","templated":true}]}}